{"id":212,"date":"2014-05-20T19:57:37","date_gmt":"2014-05-20T19:57:37","guid":{"rendered":"http:\/\/razonartificial.com\/themes\/openmind\/wordpress\/?page_id=197"},"modified":"2019-10-05T02:20:50","modified_gmt":"2019-10-05T02:20:50","slug":"contact","status":"publish","type":"page","link":"https:\/\/fiasfederacion.com\/index.php\/contact\/","title":{"rendered":"Contacto"},"content":{"rendered":"<div class=\"row\">\n<div class=\"col-md-8\">\n<section>\n<h2 class=\"section-title\">Enviar Mensaje<\/h2>\n<form role=\"form\">\n<div class=\"form-group\"><label for=\"InputName\">Nombre<\/label><br \/>\n<input id=\"InputName\" class=\"form-control\" type=\"text\" \/><\/div>\n<div class=\"form-group\"><label for=\"InputEmail1\">Direcci\u00f3n de correo electr\u00f3nico<\/label><br \/>\n<input id=\"InputEmail1\" class=\"form-control\" type=\"email\" \/><\/div>\n<div class=\"form-group\"><label for=\"InputMessage\">Mensaje<\/label><br \/>\n<textarea id=\"InputMessage\" class=\"form-control\" rows=\"8\"><\/textarea><\/div>\n<p><button class=\"btn btn-primary pull-right\" type=\"submit\">Enviar<\/button><\/p>\n<div class=\"clearfix\"><\/div>\n<\/form>\n<\/section>\n<\/div>\n<div class=\"col-md-4\">\n<section>\n<div class=\"panel panel-primary\">\n<div class=\"panel-heading\"><i class=\"fa fa-envelope-o\"><\/i> Informaci\u00f3n Adicional<\/div>\n<div><\/div>\n<div class=\"panel-body\">\n<address><b>PRESIDENCIA DE FIAS<\/b><\/p>\n<p><span style=\"font-weight: 400;\">Gesti\u00f3n\u00a0 2018-2020<\/span><\/p>\n<p><span style=\"font-weight: 400;\">En LIMA &#8211; PER\u00da<\/span><\/p>\n<p><strong>NANCY SANCHEZ<\/strong><\/p>\n<p><a href=\"mailto:presidencia@gmail.com\"><span style=\"font-weight: 400;\">presidentafias@gmail.com<\/span><\/a><\/p>\n<p><span style=\"font-weight: 400;\">Celular: 51 1 994962824<\/span><\/p>\n<p>&#8212;&#8212;&#8212;&#8212;&#8212;&#8212;&#8212;&#8212;&#8212;&#8212;&#8212;&#8212;&#8212;&#8212;&#8212;&#8212;&#8212;&#8211;<\/p>\n<p><strong>TITULAR DE LA SECRETAR\u00cdA PERMANENTE<\/strong><\/p>\n<p><span style=\"font-weight: 400;\">Gesti\u00f3n 2018-2020<\/span><\/p>\n<p><span style=\"font-weight: 400;\">En SANTO DOMINGO \u2013 REP. DOMINICANA<\/span><\/p>\n<p><span style=\"font-weight: 400;\"><strong>MARGARITA AQUINO<\/strong><\/span><\/p>\n<p><a href=\"https:\/\/fiasfederacion.com\/index.php\/contact\/\"><span style=\"font-weight: 400;\">maquino.tspermanentefias2018@gmail.com<\/span><\/a><\/p>\n<\/address>\n<\/div>\n<\/div>\n<\/section>\n<\/div>\n<\/div>\n<p><!-- row --><\/p>\n","protected":false},"excerpt":{"rendered":"<p>Enviar Mensaje Nombre Direcci\u00f3n de correo electr\u00f3nico Mensaje Enviar Informaci\u00f3n Adicional PRESIDENCIA DE FIAS Gesti\u00f3n\u00a0 2018-2020 En LIMA &#8211; PER\u00da NANCY SANCHEZ presidentafias@gmail.com Celular: 51 1 994962824 &#8212;&#8212;&#8212;&#8212;&#8212;&#8212;&#8212;&#8212;&#8212;&#8212;&#8212;&#8212;&#8212;&#8212;&#8212;&#8212;&#8212;&#8211; TITULAR DE LA SECRETAR\u00cdA PERMANENTE Gesti\u00f3n 2018-2020 En SANTO DOMINGO \u2013 REP. DOMINICANA MARGARITA AQUINO maquino.tspermanentefias2018@gmail.com<\/p>\n","protected":false},"author":1,"featured_media":0,"parent":0,"menu_order":0,"comment_status":"open","ping_status":"open","template":"","meta":{"nf_dc_page":"","_eb_attr":"","_monsterinsights_skip_tracking":false,"_monsterinsights_sitenote_active":false,"_monsterinsights_sitenote_note":"","_monsterinsights_sitenote_category":0,"footnotes":""},"class_list":["post-212","page","type-page","status-publish","hentry"],"_links":{"self":[{"href":"https:\/\/fiasfederacion.com\/index.php\/wp-json\/wp\/v2\/pages\/212","targetHints":{"allow":["GET"]}}],"collection":[{"href":"https:\/\/fiasfederacion.com\/index.php\/wp-json\/wp\/v2\/pages"}],"about":[{"href":"https:\/\/fiasfederacion.com\/index.php\/wp-json\/wp\/v2\/types\/page"}],"author":[{"embeddable":true,"href":"https:\/\/fiasfederacion.com\/index.php\/wp-json\/wp\/v2\/users\/1"}],"replies":[{"embeddable":true,"href":"https:\/\/fiasfederacion.com\/index.php\/wp-json\/wp\/v2\/comments?post=212"}],"version-history":[{"count":6,"href":"https:\/\/fiasfederacion.com\/index.php\/wp-json\/wp\/v2\/pages\/212\/revisions"}],"predecessor-version":[{"id":11952,"href":"https:\/\/fiasfederacion.com\/index.php\/wp-json\/wp\/v2\/pages\/212\/revisions\/11952"}],"wp:attachment":[{"href":"https:\/\/fiasfederacion.com\/index.php\/wp-json\/wp\/v2\/media?parent=212"}],"curies":[{"name":"wp","href":"https:\/\/api.w.org\/{rel}","templated":true}]}}